{"id":129,"date":"2016-12-18T22:48:56","date_gmt":"2016-12-18T21:48:56","guid":{"rendered":"http:\/\/optimo-finanzhaus.de\/?page_id=129"},"modified":"2020-06-08T01:28:41","modified_gmt":"2020-06-07T23:28:41","slug":"ansprechpartner","status":"publish","type":"page","link":"https:\/\/optimo-finanzhaus.de\/?page_id=129","title":{"rendered":"Ansprechpartner"},"content":{"rendered":"<p><img loading=\"lazy\" decoding=\"async\" class=\"wp-image-275 alignleft\" src=\"https:\/\/optimo-finanzhaus.de\/wp-content\/uploads\/2016\/12\/j\u00f6rn-225x300.jpg\" alt=\"\" width=\"150\" height=\"200\" srcset=\"https:\/\/optimo-finanzhaus.de\/wp-content\/uploads\/2016\/12\/j\u00f6rn-225x300.jpg 225w, https:\/\/optimo-finanzhaus.de\/wp-content\/uploads\/2016\/12\/j\u00f6rn.jpg 336w\" sizes=\"auto, (max-width: 150px) 100vw, 150px\" \/><\/p>\n<p align=\"left\"><span style=\"color: #000000; font-size: medium;\"><strong><span style=\"font-family: Verdana,sans-serif;\">J\u00f6rn Florczak<\/span><\/strong><\/span><\/p>\n<p><span style=\"font-family: Verdana,sans-serif;\">Bankkaufmann, Gesch\u00e4ftsf\u00fchrung<\/span><\/p>\n<p><span style=\"font-family: Verdana,sans-serif;\">Immobilienfinanzierungen<br \/>\n<\/span><\/p>\n<p><span style=\"font-family: Verdana,sans-serif;\">B\u00fcro Oberhausen<\/span><\/p>\n<p><span style=\"font-family: Verdana,sans-serif;\"><strong>+49 (208) 387 674 50<\/strong><br \/>\n<\/span><\/p>\n<p><span style=\"font-family: Verdana,sans-serif;\"><a href=\"mailto:j.florczak@optimo-finanzhaus.de\">j.florczak@optimo-finanzhaus.de<\/a><br \/>\n<\/span><\/p>\n<p><img loading=\"lazy\" decoding=\"async\" class=\"wp-image-277 alignleft\" src=\"https:\/\/optimo-finanzhaus.de\/wp-content\/uploads\/2016\/12\/rolf-234x300.jpg\" alt=\"\" width=\"154\" height=\"197\" srcset=\"https:\/\/optimo-finanzhaus.de\/wp-content\/uploads\/2016\/12\/rolf-234x300.jpg 234w, https:\/\/optimo-finanzhaus.de\/wp-content\/uploads\/2016\/12\/rolf.jpg 336w\" sizes=\"auto, (max-width: 154px) 100vw, 154px\" \/><\/p>\n<p><span style=\"color: #000000;\"><strong><span style=\"font-family: Verdana,sans-serif;\">Rolf K\u00f6nig<\/span><\/strong><\/span><\/p>\n<p><span style=\"font-family: Verdana,sans-serif;\">Sparkassenbetriebswirt, Prokurist<\/span><\/p>\n<p><span style=\"font-family: Verdana,sans-serif;\">Immobilienfinanzierungen\/Konsumentenkredite<br \/>\n<\/span><\/p>\n<p><span style=\"font-family: Verdana,sans-serif;\">B\u00fcro Selm<\/span><\/p>\n<p><span style=\"font-family: Verdana,sans-serif;\"><strong>+49 (208) 387 674 53<br \/>\n<\/strong><\/span><\/p>\n<p><span style=\"font-family: Verdana,sans-serif;\"><a href=\"mailto:r.koenig@optimo-finanzhaus.de\">r.koenig@optimo-finanzhaus.de<\/a><br \/>\n<\/span><\/p>\n<p><img loading=\"lazy\" decoding=\"async\" class=\"wp-image-276 alignleft\" src=\"https:\/\/optimo-finanzhaus.de\/wp-content\/uploads\/2016\/12\/ralf-225x300.jpg\" alt=\"\" width=\"150\" height=\"200\" srcset=\"https:\/\/optimo-finanzhaus.de\/wp-content\/uploads\/2016\/12\/ralf-225x300.jpg 225w, https:\/\/optimo-finanzhaus.de\/wp-content\/uploads\/2016\/12\/ralf.jpg 581w\" sizes=\"auto, (max-width: 150px) 100vw, 150px\" \/><\/p>\n<p><span style=\"font-family: Verdana,sans-serif;\"><span style=\"color: #000000;\"><strong>Ralf Haefcke<\/strong><\/span><\/span><\/p>\n<p><span style=\"font-family: Verdana,sans-serif;\">Bankkaufmann, Betreuung Vertriebspartner<\/span><\/p>\n<p><span style=\"font-family: Verdana,sans-serif;\">Immobilien-\/Spezialfinanzierungen<br \/>\n<\/span><\/p>\n<p><span style=\"font-family: Verdana,sans-serif;\">B\u00fcro Oberhausen<br \/>\n<\/span><\/p>\n<p><span style=\"font-family: Verdana,sans-serif;\"><strong>+49 (208) 387 674 58<br \/>\n<\/strong><\/span><\/p>\n<p><span style=\"font-family: Verdana,sans-serif;\"><a href=\"mailto:r.haefcke@optimo-finanzhaus.de\">r.haefcke@optimo-finanzhaus.de<\/a><br \/>\n<\/span><\/p>\n","protected":false},"excerpt":{"rendered":"<p>J\u00f6rn Florczak Bankkaufmann, Gesch\u00e4ftsf\u00fchrung Immobilienfinanzierungen B\u00fcro Oberhausen +49 (208) 387 674 50 j.florczak@optimo-finanzhaus.de Rolf K\u00f6nig Sparkassenbetriebswirt, Prokurist Immobilienfinanzierungen\/Konsumentenkredite B\u00fcro Selm<\/p>\n","protected":false},"author":1,"featured_media":0,"parent":0,"menu_order":0,"comment_status":"closed","ping_status":"closed","template":"","meta":{"colormag_page_container_layout":"no_sidebar_full_width","colormag_page_sidebar_layout":"right_sidebar","footnotes":""},"class_list":["post-129","page","type-page","status-publish","hentry"],"_links":{"self":[{"href":"https:\/\/optimo-finanzhaus.de\/index.php?rest_route=\/wp\/v2\/pages\/129","targetHints":{"allow":["GET"]}}],"collection":[{"href":"https:\/\/optimo-finanzhaus.de\/index.php?rest_route=\/wp\/v2\/pages"}],"about":[{"href":"https:\/\/optimo-finanzhaus.de\/index.php?rest_route=\/wp\/v2\/types\/page"}],"author":[{"embeddable":true,"href":"https:\/\/optimo-finanzhaus.de\/index.php?rest_route=\/wp\/v2\/users\/1"}],"replies":[{"embeddable":true,"href":"https:\/\/optimo-finanzhaus.de\/index.php?rest_route=%2Fwp%2Fv2%2Fcomments&post=129"}],"version-history":[{"count":33,"href":"https:\/\/optimo-finanzhaus.de\/index.php?rest_route=\/wp\/v2\/pages\/129\/revisions"}],"predecessor-version":[{"id":904,"href":"https:\/\/optimo-finanzhaus.de\/index.php?rest_route=\/wp\/v2\/pages\/129\/revisions\/904"}],"wp:attachment":[{"href":"https:\/\/optimo-finanzhaus.de\/index.php?rest_route=%2Fwp%2Fv2%2Fmedia&parent=129"}],"curies":[{"name":"wp","href":"https:\/\/api.w.org\/{rel}","templated":true}]}}