{"id":141,"date":"2016-12-18T23:11:20","date_gmt":"2016-12-18T22:11:20","guid":{"rendered":"http:\/\/optimo-finanzhaus.de\/?page_id=141"},"modified":"2017-09-15T02:51:28","modified_gmt":"2017-09-15T00:51:28","slug":"anschlussfinanzierung","status":"publish","type":"page","link":"https:\/\/optimo-finanzhaus.de\/?page_id=141","title":{"rendered":"Anschlussfinanzierung"},"content":{"rendered":"<p><img loading=\"lazy\" decoding=\"async\" class=\"alignnone size-medium wp-image-27\" src=\"https:\/\/optimo-finanzhaus.de\/wp-content\/uploads\/2016\/12\/money-1017463-300x199.jpg\" alt=\"\" width=\"300\" height=\"199\" srcset=\"https:\/\/optimo-finanzhaus.de\/wp-content\/uploads\/2016\/12\/money-1017463-300x199.jpg 300w, https:\/\/optimo-finanzhaus.de\/wp-content\/uploads\/2016\/12\/money-1017463-768x508.jpg 768w, https:\/\/optimo-finanzhaus.de\/wp-content\/uploads\/2016\/12\/money-1017463-1024x678.jpg 1024w, https:\/\/optimo-finanzhaus.de\/wp-content\/uploads\/2016\/12\/money-1017463-830x549.jpg 830w, https:\/\/optimo-finanzhaus.de\/wp-content\/uploads\/2016\/12\/money-1017463-230x152.jpg 230w, https:\/\/optimo-finanzhaus.de\/wp-content\/uploads\/2016\/12\/money-1017463-350x232.jpg 350w, https:\/\/optimo-finanzhaus.de\/wp-content\/uploads\/2016\/12\/money-1017463-480x318.jpg 480w\" sizes=\"auto, (max-width: 300px) 100vw, 300px\" \/><\/p>\n<p><span style=\"font-family: Verdana,sans-serif;\"><span style=\"font-size: medium;\">Heute schon an Morgen denken. Der Zinsmarkt ist st\u00e4ndig in Bewegung. In Ihrer Finanzierung ist eine verbindliche Zinsbindung geregelt. K\u00fcmmern Sie sich rechtzeitig, sp\u00e4testens ca.\u00a06 Monate vor Ablauf der Zinsbindung, um eine zinsg\u00fcnstige Anschlussfinanzierung. <\/span><\/span><\/p>\n<p><span style=\"font-family: Verdana,sans-serif;\"><span style=\"font-size: medium;\">Werden Sie schon jetzt aktiv, denn bereits bei einem <\/span><\/span><strong><span style=\"font-family: Verdana,sans-serif;\"><span style=\"font-size: medium;\">geringen Zinsunterschied<\/span><\/span><\/strong><span style=\"font-family: Verdana,sans-serif;\"><span style=\"font-size: medium;\"> (z.B.0,20 %) <\/span><\/span><strong><span style=\"font-family: Verdana,sans-serif;\"><span style=\"font-size: medium;\">sparen Sie<\/span><\/span><\/strong><span style=\"font-family: Verdana,sans-serif;\"><span style=\"font-size: medium;\"> bei einer Kreditsumme von 100.000 \u20ac und einer Zinsbindung von 10 Jahren <\/span><\/span><strong><span style=\"font-family: Verdana,sans-serif;\"><span style=\"font-size: medium;\">rund 2.000 \u20ac<\/span><\/span><\/strong><span style=\"font-family: Verdana,sans-serif;\"><span style=\"font-size: medium;\">.<\/span><\/span><\/p>\n<p><strong><span style=\"font-family: Verdana,sans-serif;\"><span style=\"font-size: medium;\">Nutzen Sie unsere Kompetenz und unsere Vergleichs-M\u00f6glichkeiten. <\/span><\/span><\/strong><span style=\"font-family: Verdana,sans-serif;\"><span style=\"font-size: medium;\">Wir vergleichen die Konditionen und Bedingungen der unterschiedlichen Baufinanzierungspartner und erstellen Ihnen dann Ihr pers\u00f6nliches Angebot.<\/span><\/span><\/p>\n<p>&nbsp;<\/p>\n","protected":false},"excerpt":{"rendered":"<p>Heute schon an Morgen denken. Der Zinsmarkt ist st\u00e4ndig in Bewegung. In Ihrer Finanzierung ist eine verbindliche Zinsbindung geregelt. K\u00fcmmern<\/p>\n","protected":false},"author":1,"featured_media":0,"parent":0,"menu_order":0,"comment_status":"closed","ping_status":"closed","template":"","meta":{"colormag_page_container_layout":"no_sidebar_full_width","colormag_page_sidebar_layout":"right_sidebar","footnotes":""},"class_list":["post-141","page","type-page","status-publish","hentry"],"_links":{"self":[{"href":"https:\/\/optimo-finanzhaus.de\/index.php?rest_route=\/wp\/v2\/pages\/141","targetHints":{"allow":["GET"]}}],"collection":[{"href":"https:\/\/optimo-finanzhaus.de\/index.php?rest_route=\/wp\/v2\/pages"}],"about":[{"href":"https:\/\/optimo-finanzhaus.de\/index.php?rest_route=\/wp\/v2\/types\/page"}],"author":[{"embeddable":true,"href":"https:\/\/optimo-finanzhaus.de\/index.php?rest_route=\/wp\/v2\/users\/1"}],"replies":[{"embeddable":true,"href":"https:\/\/optimo-finanzhaus.de\/index.php?rest_route=%2Fwp%2Fv2%2Fcomments&post=141"}],"version-history":[{"count":7,"href":"https:\/\/optimo-finanzhaus.de\/index.php?rest_route=\/wp\/v2\/pages\/141\/revisions"}],"predecessor-version":[{"id":908,"href":"https:\/\/optimo-finanzhaus.de\/index.php?rest_route=\/wp\/v2\/pages\/141\/revisions\/908"}],"wp:attachment":[{"href":"https:\/\/optimo-finanzhaus.de\/index.php?rest_route=%2Fwp%2Fv2%2Fmedia&parent=141"}],"curies":[{"name":"wp","href":"https:\/\/api.w.org\/{rel}","templated":true}]}}