{"id":145,"date":"2016-12-18T23:13:26","date_gmt":"2016-12-18T22:13:26","guid":{"rendered":"http:\/\/optimo-finanzhaus.de\/?page_id=145"},"modified":"2017-09-15T02:53:43","modified_gmt":"2017-09-15T00:53:43","slug":"kfw-darlehen","status":"publish","type":"page","link":"https:\/\/optimo-finanzhaus.de\/?page_id=145","title":{"rendered":"KfW-Darlehen"},"content":{"rendered":"<h2>\u00a0<img loading=\"lazy\" decoding=\"async\" class=\"alignnone size-medium wp-image-33\" src=\"https:\/\/optimo-finanzhaus.de\/wp-content\/uploads\/2016\/12\/home-366927-300x200.jpg\" alt=\"\" width=\"300\" height=\"200\" srcset=\"https:\/\/optimo-finanzhaus.de\/wp-content\/uploads\/2016\/12\/home-366927-300x200.jpg 300w, https:\/\/optimo-finanzhaus.de\/wp-content\/uploads\/2016\/12\/home-366927-768x512.jpg 768w, https:\/\/optimo-finanzhaus.de\/wp-content\/uploads\/2016\/12\/home-366927-1024x683.jpg 1024w, https:\/\/optimo-finanzhaus.de\/wp-content\/uploads\/2016\/12\/home-366927-830x553.jpg 830w, https:\/\/optimo-finanzhaus.de\/wp-content\/uploads\/2016\/12\/home-366927-230x153.jpg 230w, https:\/\/optimo-finanzhaus.de\/wp-content\/uploads\/2016\/12\/home-366927-350x233.jpg 350w, https:\/\/optimo-finanzhaus.de\/wp-content\/uploads\/2016\/12\/home-366927-480x320.jpg 480w\" sizes=\"auto, (max-width: 300px) 100vw, 300px\" \/><\/h2>\n<h2><span style=\"font-family: Verdana,sans-serif;\"><span style=\"font-size: medium;\"><b>Welche Vorteile hat ein KfW-Darlehen f\u00fcr Ihre Baufinanzierung?<\/b><\/span><\/span><\/h2>\n<h2><\/h2>\n<p><span style=\"font-family: Verdana,sans-serif;\"><span style=\"font-size: medium;\">Angenommen, Sie wollen eine Immobilie bauen, kaufen oder sanieren und ben\u00f6tigen daf\u00fcr einen Kredit von einer Bank, mit dem Sie den Gro\u00dfteil der Finanzierung gestalten. Dann k\u00f6nnen Sie eine kleinere Teilsumme aus Darlehen der Kreditanstalt f\u00fcr Wiederaufbau (KfW) beziehen. Gr\u00f6\u00dfter Vorteil daran: Die Zinsen sind bei den KfW-Darlehen deutlich g\u00fcnstiger als bei normalen Baufinanzierungsdarlehen.<\/span><\/span><\/p>\n<h2 class=\"western\"><span style=\"font-family: Verdana,sans-serif;\"><span style=\"font-size: medium;\"><b>Welchen Auftrag hat die Kreditanstalt f\u00fcr Wiederaufbau (KfW)?<\/b><\/span><\/span><\/h2>\n<p><span style=\"font-family: Verdana,sans-serif;\"><span style=\"font-size: medium;\">Die KfW wurde1948 als staatliche F\u00f6rderbank mit dem Ziel gegr\u00fcndet, der deutschen Wirtschaft nach dem Zweiten Weltkrieg finanziell wieder auf die Beine zu helfen. Seitdem f\u00f6rdert sie unter anderem den Bau, den Kauf und die Sanierung von Immobilien, indem sie zinsg\u00fcnstige Darlehen und Zusch\u00fcsse gew\u00e4hrt. Zu diesem Zweck hat sie verschiedene F\u00f6rderprogramme entwickelt, die f\u00fcr Privatpersonen, Unternehmen, Gemeinden, St\u00e4dte und gemeinn\u00fctzige Organisationen gedacht sind.<\/span><\/span><\/p>\n","protected":false},"excerpt":{"rendered":"<p>\u00a0 Welche Vorteile hat ein KfW-Darlehen f\u00fcr Ihre Baufinanzierung? Angenommen, Sie wollen eine Immobilie bauen, kaufen oder sanieren und ben\u00f6tigen<\/p>\n","protected":false},"author":1,"featured_media":0,"parent":0,"menu_order":0,"comment_status":"closed","ping_status":"closed","template":"","meta":{"colormag_page_container_layout":"no_sidebar_full_width","colormag_page_sidebar_layout":"right_sidebar","footnotes":""},"class_list":["post-145","page","type-page","status-publish","hentry"],"_links":{"self":[{"href":"https:\/\/optimo-finanzhaus.de\/index.php?rest_route=\/wp\/v2\/pages\/145","targetHints":{"allow":["GET"]}}],"collection":[{"href":"https:\/\/optimo-finanzhaus.de\/index.php?rest_route=\/wp\/v2\/pages"}],"about":[{"href":"https:\/\/optimo-finanzhaus.de\/index.php?rest_route=\/wp\/v2\/types\/page"}],"author":[{"embeddable":true,"href":"https:\/\/optimo-finanzhaus.de\/index.php?rest_route=\/wp\/v2\/users\/1"}],"replies":[{"embeddable":true,"href":"https:\/\/optimo-finanzhaus.de\/index.php?rest_route=%2Fwp%2Fv2%2Fcomments&post=145"}],"version-history":[{"count":6,"href":"https:\/\/optimo-finanzhaus.de\/index.php?rest_route=\/wp\/v2\/pages\/145\/revisions"}],"predecessor-version":[{"id":476,"href":"https:\/\/optimo-finanzhaus.de\/index.php?rest_route=\/wp\/v2\/pages\/145\/revisions\/476"}],"wp:attachment":[{"href":"https:\/\/optimo-finanzhaus.de\/index.php?rest_route=%2Fwp%2Fv2%2Fmedia&parent=145"}],"curies":[{"name":"wp","href":"https:\/\/api.w.org\/{rel}","templated":true}]}}