{"id":186,"date":"2017-02-05T21:05:36","date_gmt":"2017-02-05T20:05:36","guid":{"rendered":"http:\/\/optimo-finanzhaus.de\/?page_id=186"},"modified":"2017-09-15T02:57:17","modified_gmt":"2017-09-15T00:57:17","slug":"info-2","status":"publish","type":"page","link":"https:\/\/optimo-finanzhaus.de\/?page_id=186","title":{"rendered":"Wissenswertes"},"content":{"rendered":"<p><span style=\"font-size: medium;\"><strong><span style=\"font-family: Verdana,sans-serif;\">Erwarten Sie das Unerwartete.<\/span><\/strong><u> <\/u><\/span><\/p>\n<p><span style=\"font-family: Verdana,sans-serif;\"><span style=\"font-size: medium;\">Wir finden mit Phantasie kreative und flexible L\u00f6sungen f\u00fcr Ihre individuellen Finanzierungsw\u00fcnsche. Unsere Experten beraten Sie nicht nur mit fundierten Fachkenntnissen, sondern mit Einf\u00fchlungsverm\u00f6gen unter Ber\u00fccksichtigung Ihrer pers\u00f6nlichen Lebenssituation. <\/span><\/span><\/p>\n<p><span style=\"font-size: medium;\"><strong><span style=\"font-family: Verdana,sans-serif;\">Wir bringen Licht ins Dunkel.<\/span><\/strong> <\/span><\/p>\n<p><span style=\"font-family: Verdana,sans-serif;\"><span style=\"font-size: medium;\">Jede Finanzierung hat Ihre ganz eigenen vielf\u00e4ltigen Facetten. Unsere Finanzierungsberater analysieren die\u00a0diversen Einflussfaktoren, vorliegende Bankangebote, vor allem aber Ihre Planung f\u00fcr eine gesicherte und langfristig stabile Finanzsituation.<\/span><\/span><\/p>\n<p><strong><span style=\"font-family: Verdana,sans-serif;\"><span style=\"font-size: medium;\">Unsere M\u00f6glichkeiten &#8211; Ihre Vorteile<\/span><\/span><\/strong><\/p>\n<p><span style=\"font-family: Verdana,sans-serif;\"><span style=\"font-size: medium;\">Mit Schnittstellen zu namhaften Finanzierungsplattformen und Direktanbindungen an eine Vielzahl renommierter Kreditinstitute finden wir das f\u00fcr Ihr Vorhaben idealste Angebot. Wir vergleichen unter mehr als \u00fcber 100 Anbietern auf dem Markt und pr\u00fcfen alle regionalen und staatlichen F\u00f6rderungsm\u00f6glichkeiten. <\/span><\/span><\/p>\n<p><span style=\"font-family: Verdana,sans-serif;\"><span style=\"font-size: medium;\">Sie haben viele W\u00fcnsche, m\u00f6chten Ihre Tr\u00e4ume erf\u00fcllen und planen die Erreichung Ihrer Ziele? Wir begleiten Sie pers\u00f6nlich durch die Planungsphase bis zur vollst\u00e4ndigen Realisierung Ihrer Vorhaben. Andere machen nur einen Weg frei: Wir zeigen Ihnen unter vielen M\u00f6glichkeiten den f\u00fcr Sie besten Weg. Stets an Ihrer Seite und v\u00f6llig bankenunabh\u00e4ngig profitieren Sie von der OPTIMO als Ihrem kompetenten Finanzierungspartner.<\/span><\/span><\/p>\n","protected":false},"excerpt":{"rendered":"<p>Erwarten Sie das Unerwartete. Wir finden mit Phantasie kreative und flexible L\u00f6sungen f\u00fcr Ihre individuellen Finanzierungsw\u00fcnsche. Unsere Experten beraten Sie<\/p>\n","protected":false},"author":1,"featured_media":0,"parent":0,"menu_order":0,"comment_status":"closed","ping_status":"closed","template":"","meta":{"colormag_page_container_layout":"no_sidebar_full_width","colormag_page_sidebar_layout":"right_sidebar","footnotes":""},"class_list":["post-186","page","type-page","status-publish","hentry"],"_links":{"self":[{"href":"https:\/\/optimo-finanzhaus.de\/index.php?rest_route=\/wp\/v2\/pages\/186","targetHints":{"allow":["GET"]}}],"collection":[{"href":"https:\/\/optimo-finanzhaus.de\/index.php?rest_route=\/wp\/v2\/pages"}],"about":[{"href":"https:\/\/optimo-finanzhaus.de\/index.php?rest_route=\/wp\/v2\/types\/page"}],"author":[{"embeddable":true,"href":"https:\/\/optimo-finanzhaus.de\/index.php?rest_route=\/wp\/v2\/users\/1"}],"replies":[{"embeddable":true,"href":"https:\/\/optimo-finanzhaus.de\/index.php?rest_route=%2Fwp%2Fv2%2Fcomments&post=186"}],"version-history":[{"count":8,"href":"https:\/\/optimo-finanzhaus.de\/index.php?rest_route=\/wp\/v2\/pages\/186\/revisions"}],"predecessor-version":[{"id":249,"href":"https:\/\/optimo-finanzhaus.de\/index.php?rest_route=\/wp\/v2\/pages\/186\/revisions\/249"}],"wp:attachment":[{"href":"https:\/\/optimo-finanzhaus.de\/index.php?rest_route=%2Fwp%2Fv2%2Fmedia&parent=186"}],"curies":[{"name":"wp","href":"https:\/\/api.w.org\/{rel}","templated":true}]}}